{"id":2246,"date":"2018-06-19T16:09:42","date_gmt":"2018-06-19T15:09:42","guid":{"rendered":"https:\/\/www.colegioliceoconsul.es\/?page_id=2246"},"modified":"2018-06-19T16:11:50","modified_gmt":"2018-06-19T15:11:50","slug":"privacy-policy","status":"publish","type":"page","link":"https:\/\/www.colegioliceoconsul.es\/en\/privacy-policy\/","title":{"rendered":"Privacy Policy"},"content":{"rendered":"<div class=\"wpb-content-wrapper\"><p>[vc_row][vc_column][vc_column_text]<span style=\"color: #009046;\"><strong>POL\u00cdTICA DE PRIVACIDAD<\/strong><\/span><\/p>\n<p>COLEGIO LICEO C\u00d3NSUL \u2013 PROLICON, S.A.. (en adelante PROLICON), con domicilio postal en C\/ Peironcely, 7 \u2013 28053 Madrid &#8211; Espa\u00f1a, tel\u00e9fono +34 91 785 87 14 y direcci\u00f3n de correo electr\u00f3nico protecciondatos@colegioliceoconsul.es, pone en conocimiento de los usuarios del portal www.colegioliceoconsul.es, su pol\u00edtica de protecci\u00f3n de datos de car\u00e1cter personal, para que los usuarios determinen de forma voluntaria y expresa si desean facilitar a PROLICON los datos personales que se les requieran en la cumplimentaci\u00f3n de los formularios dispuestos en este Portal.<\/p>\n<p><span style=\"color: #009046;\"><strong>\u00c1MBITO DE APLICACI\u00d3N<\/strong><\/span><\/p>\n<p>La presente pol\u00edtica de privacidad es de aplicaci\u00f3n a PROLICON.<\/p>\n<p><span style=\"color: #009046;\"><strong>INFORMACI\u00d3N Y CONSENTIMIENTO<\/strong><\/span><\/p>\n<p>El portal www.colegioliceoconsul.es no recoge ning\u00fan dato de car\u00e1cter personal sin su conocimiento y consentimiento expreso, ni se ceden a terceros. \u00danicamente obtiene el n\u00famero de visitas y el volumen de tr\u00e1fico existente con car\u00e1cter estad\u00edstico y a fin de mejorar su accesibilidad<\/p>\n<p>Los formularios dispuestos en este Portal, recogen \u00fanicamente, los datos necesarios que permitan atender correctamente sus solicitudes.<\/p>\n<p>La utilizaci\u00f3n de estos formularios, su cumplimentaci\u00f3n y env\u00edo, es un acto voluntario e informado, por lo que se reconoce el consentimiento expreso e inequ\u00edvoco al tratamiento de sus datos, por PROLICON, con la finalidad de gestionar eficientemente las solicitudes recibidas, e informarle de los servicios y actividades de PROLICON.<\/p>\n<p>El usuario que facilite datos personales sobre terceros, deber\u00e1 \u00e9l mismo, informar al titular de los datos de este hecho, as\u00ed como lo establecido en la presente Pol\u00edtica de Privacidad. En este caso PROLICON declina toda responsabilidad, siendo \u00fanica y exclusivamente del usuario cedente de los mismos.<\/p>\n<p>Los datos recogidos en este Portal, se incorporar\u00e1n en los tratamientos titularidad de PROLICON, y ser\u00e1n tratados de forma leal y l\u00edcita, acorde en todo momento a los principios y derechos recogidos en el Reglamento (UE) 2016\/679 del Parlamento Europeo y del Consejo de 28 de abril de 2016, de Protecci\u00f3n de Datos de Car\u00e1cter Personal.<\/p>\n<p>Se informa que pueden ejercitar sus derechos de acceso, rectificaci\u00f3n, cancelaci\u00f3n, portabilidad, limitaci\u00f3n y oposici\u00f3n, en COLEGIO LICEO C\u00d3NSUL \u2013 PROLICON, S.A., con domicilio postal en C\/ Peironcely, 7 \u2013 28053 Madrid &#8211; Espa\u00f1a, por correo ordinario o electr\u00f3nico a derechosprotecciondatos@colegioliceoconsul.es. De igual forma, el usuario podr\u00e1 revocar en cualquier momento el consentimiento para cualquiera de los tratamientos para los que lo ha otorgado.<\/p>\n<p><span style=\"color: #009046;\"><strong>CALIDAD DE LOS DATOS<\/strong><\/span><\/p>\n<p>El usuario deber\u00e1 mantener permanentemente actualizados sus datos, y en caso de no ser posible su actualizaci\u00f3n on-line, deber\u00e1 comunicar a PROLICON, como responsable del tratamiento, los cambios que fueren pertinentes en cada momento.<\/p>\n<p>PROLICON, cancelar\u00e1, borrar\u00e1 y\/o bloquear\u00e1 los datos cuando resulten inexactos, incompletos o hayan dejado de ser necesarios o pertinentes para su finalidad, de conformidad con lo previsto en la legislaci\u00f3n en materia de protecci\u00f3n de datos.<\/p>\n<p><span style=\"color: #009046;\"><strong>SEGURIDAD DE LOS DATOS<\/strong><\/span><\/p>\n<p>PROLICON ha adoptado todas las medidas de seguridad de \u00edndole t\u00e9cnica y organizativa en consonancia a la naturaleza de los datos, para garantizar la seguridad de los datos de car\u00e1cter personal, y evitar su alteraci\u00f3n, p\u00e9rdida, tratamiento o acceso no autorizado.<\/p>\n<p>Esta pol\u00edtica de privacidad s\u00f3lo es aplicable a la p\u00e1gina web www.colegioliceoconsul.es y no se garantiza en los accesos a trav\u00e9s de enlaces con este sitio, ni a los enlaces que desde este sitio pudiera tener con otras webs.<\/p>\n<p>PROLICON, se reserva la facultad de modificar esta Pol\u00edtica de Privacidad a fin de mantenerla permanentemente adaptada a la legislaci\u00f3n vigente sobre protecci\u00f3n de datos.<\/p>\n<p>Est\u00e1 prohibida la reproducci\u00f3n total o parcial de los contenidos de la p\u00e1gina web www.colegioliceoconsul.es, sin expresa autorizaci\u00f3n por escrito de PROLICON.[\/vc_column_text][\/vc_column][\/vc_row]<\/p>\n<\/div>","protected":false},"excerpt":{"rendered":"<p>[vc_row][vc_column][vc_column_text]POL\u00cdTICA DE PRIVACIDAD COLEGIO LICEO C\u00d3NSUL \u2013 PROLICON, S.A.. (en adelante PROLICON), con domicilio postal en C\/ Peironcely, 7 \u2013 28053 Madrid &#8211; Espa\u00f1a, tel\u00e9fono +34 91 785 87 14 [&hellip;]<\/p>\n","protected":false},"author":1,"featured_media":0,"parent":0,"menu_order":0,"comment_status":"closed","ping_status":"closed","template":"","meta":{"_bbp_topic_count":0,"_bbp_reply_count":0,"_bbp_total_topic_count":0,"_bbp_total_reply_count":0,"_bbp_voice_count":0,"_bbp_anonymous_reply_count":0,"_bbp_topic_count_hidden":0,"_bbp_reply_count_hidden":0,"_bbp_forum_subforum_count":0,"footnotes":""},"class_list":["post-2246","page","type-page","status-publish","hentry"],"_links":{"self":[{"href":"https:\/\/www.colegioliceoconsul.es\/en\/wp-json\/wp\/v2\/pages\/2246","targetHints":{"allow":["GET"]}}],"collection":[{"href":"https:\/\/www.colegioliceoconsul.es\/en\/wp-json\/wp\/v2\/pages"}],"about":[{"href":"https:\/\/www.colegioliceoconsul.es\/en\/wp-json\/wp\/v2\/types\/page"}],"author":[{"embeddable":true,"href":"https:\/\/www.colegioliceoconsul.es\/en\/wp-json\/wp\/v2\/users\/1"}],"replies":[{"embeddable":true,"href":"https:\/\/www.colegioliceoconsul.es\/en\/wp-json\/wp\/v2\/comments?post=2246"}],"version-history":[{"count":3,"href":"https:\/\/www.colegioliceoconsul.es\/en\/wp-json\/wp\/v2\/pages\/2246\/revisions"}],"predecessor-version":[{"id":2250,"href":"https:\/\/www.colegioliceoconsul.es\/en\/wp-json\/wp\/v2\/pages\/2246\/revisions\/2250"}],"wp:attachment":[{"href":"https:\/\/www.colegioliceoconsul.es\/en\/wp-json\/wp\/v2\/media?parent=2246"}],"curies":[{"name":"wp","href":"https:\/\/api.w.org\/{rel}","templated":true}]}}